{"id":138,"date":"2014-11-24T04:56:55","date_gmt":"2014-11-24T04:56:55","guid":{"rendered":"http:\/\/demo.themegrill.com\/spacious\/?page_id=138"},"modified":"2021-04-19T22:46:03","modified_gmt":"2021-04-19T19:46:03","slug":"kurumsal-kimligimiz","status":"publish","type":"page","link":"https:\/\/www.anadolustrateji.com.tr\/v1\/kurumsal-kimligimiz\/","title":{"rendered":"Kurumsal Kimli\u011fimiz"},"content":{"rendered":"<div class=\"field field-name-body field-type-text-with-summary field-label-hidden\">\n<div class=\"field-items\">\n<div class=\"field-item even\">\n<p>Anadolu Strateji Uluslararas\u0131 Dan\u0131\u015fmanl\u0131k ve E\u011fitim Hizmetleri, daha iyi bir d\u00fcnya i\u00e7in daha iyi bir insan vizyonuyla bireylerin geli\u015fimleri; s\u00fcrd\u00fcr\u00fclebilir ve sorumlu bir kalk\u0131nma i\u00e7in etkin kurumlar vizyonuyla kurumlar\u0131n kapasiteleri i\u00e7in terzi i\u015fi hizmet sunan yenilik\u00e7i ve enerjik bir giri\u015fimdir.<\/p>\n<div class=\"field field-name-body field-type-text-with-summary field-label-hidden\">\n<div class=\"field-items\">\n<div class=\"field-item even\">\n<p><strong>Misyon<\/strong><br>Anadolu Strateji\u2019nin misyonu, modern toplumun ihtiya\u00e7 duydu\u011fu yeterlilikleri insana kazand\u0131rmakta eski ve hantal merkezi sistemlerin yetersizli\u011finden yola \u00e7\u0131karak hayatboyu \u00f6\u011frenme prensiplerini merkeze alan, k\u0131sa s\u00fcrede istenen de\u011fi\u015fimi sa\u011flayan yenilik\u00e7i ve etkili dan\u0131\u015fmanl\u0131k ve e\u011fitim metotlar\u0131 ile kamu kurumlar\u0131na bilgi ve strateji, \u00f6zel kurulu\u015flara kapasite ve deneyim, bireylere bilgelik ve geli\u015fim sa\u011flamakt\u0131r.<\/p>\n<p><strong>Vizyon<\/strong><br>S\u00fcrd\u00fcr\u00fclebilirlik, e\u015fitlik ve dengeye dayal\u0131 kalk\u0131nma odakl\u0131 bir toplum i\u00e7in kamu politikalar\u0131na katk\u0131 vermek, \u00f6zel kurulu\u015flara kapasite sa\u011flamak ve bireylere e\u011fitim olanaklar\u0131 yaratmakt\u0131r.<\/p>\n<\/div>\n<\/div>\n<\/div>\n<\/div>\n<\/div>\n<\/div>\n\n\n<p><br><br><br> <\/p>\n","protected":false},"excerpt":{"rendered":"<p>Anadolu Strateji Uluslararas\u0131 Dan\u0131\u015fmanl\u0131k ve E\u011fitim Hizmetleri, daha iyi bir d\u00fcnya i\u00e7in daha iyi bir insan vizyonuyla bireylerin geli\u015fimleri; s\u00fcrd\u00fcr\u00fclebilir ve sorumlu bir kalk\u0131nma i\u00e7in etkin kurumlar vizyonuyla kurumlar\u0131n kapasiteleri i\u00e7in terzi i\u015fi hizmet sunan yenilik\u00e7i ve enerjik bir giri\u015fimdir. MisyonAnadolu Strateji\u2019nin misyonu, modern toplumun ihtiya\u00e7 duydu\u011fu yeterlilikleri insana kazand\u0131rmakta eski ve hantal merkezi sistemlerin [&hellip;]<\/p>\n","protected":false},"author":1,"featured_media":404,"parent":0,"menu_order":0,"comment_status":"closed","ping_status":"open","template":"","meta":{"_et_pb_use_builder":"","_et_pb_old_content":"","_et_gb_content_width":"","jetpack_post_was_ever_published":false,"footnotes":""},"class_list":["post-138","page","type-page","status-publish","has-post-thumbnail","hentry"],"jetpack_sharing_enabled":true,"jetpack_shortlink":"https:\/\/wp.me\/PaShvW-2e","_links":{"self":[{"href":"https:\/\/www.anadolustrateji.com.tr\/v1\/wp-json\/wp\/v2\/pages\/138","targetHints":{"allow":["GET"]}}],"collection":[{"href":"https:\/\/www.anadolustrateji.com.tr\/v1\/wp-json\/wp\/v2\/pages"}],"about":[{"href":"https:\/\/www.anadolustrateji.com.tr\/v1\/wp-json\/wp\/v2\/types\/page"}],"author":[{"embeddable":true,"href":"https:\/\/www.anadolustrateji.com.tr\/v1\/wp-json\/wp\/v2\/users\/1"}],"replies":[{"embeddable":true,"href":"https:\/\/www.anadolustrateji.com.tr\/v1\/wp-json\/wp\/v2\/comments?post=138"}],"version-history":[{"count":6,"href":"https:\/\/www.anadolustrateji.com.tr\/v1\/wp-json\/wp\/v2\/pages\/138\/revisions"}],"predecessor-version":[{"id":5600,"href":"https:\/\/www.anadolustrateji.com.tr\/v1\/wp-json\/wp\/v2\/pages\/138\/revisions\/5600"}],"wp:featuredmedia":[{"embeddable":true,"href":"https:\/\/www.anadolustrateji.com.tr\/v1\/wp-json\/wp\/v2\/media\/404"}],"wp:attachment":[{"href":"https:\/\/www.anadolustrateji.com.tr\/v1\/wp-json\/wp\/v2\/media?parent=138"}],"curies":[{"name":"wp","href":"https:\/\/api.w.org\/{rel}","templated":true}]}}